{"id":115,"date":"2021-03-12T10:02:28","date_gmt":"2021-03-12T09:02:28","guid":{"rendered":"http:\/\/vivancielle.fr\/?page_id=115"},"modified":"2021-03-12T17:06:00","modified_gmt":"2021-03-12T16:06:00","slug":"therapie-integrative","status":"publish","type":"page","link":"https:\/\/vivancielle.fr\/?page_id=115","title":{"rendered":"Th\u00e9rapie Int\u00e9grative"},"content":{"rendered":"\n<p>Une approche qui s&rsquo;adapte aux besoins et aux rythmes de chacun.<\/p>\n\n\n\n<figure class=\"wp-block-gallery aligncenter columns-1 wp-block-gallery-1 is-layout-flex wp-block-gallery-is-layout-flex\"><ul class=\"blocks-gallery-grid\"><li class=\"blocks-gallery-item\"><figure><img loading=\"lazy\" decoding=\"async\" width=\"225\" height=\"300\" src=\"http:\/\/vivancielle.fr\/wp-content\/uploads\/2021\/03\/040-225x300.jpg\" alt=\"\" data-id=\"156\" data-full-url=\"http:\/\/vivancielle.fr\/wp-content\/uploads\/2021\/03\/040.jpg\" data-link=\"http:\/\/vivancielle.fr\/?attachment_id=156\" class=\"wp-image-156\" srcset=\"https:\/\/vivancielle.fr\/wp-content\/uploads\/2021\/03\/040-225x300.jpg 225w, https:\/\/vivancielle.fr\/wp-content\/uploads\/2021\/03\/040-768x1024.jpg 768w, https:\/\/vivancielle.fr\/wp-content\/uploads\/2021\/03\/040-1152x1536.jpg 1152w, https:\/\/vivancielle.fr\/wp-content\/uploads\/2021\/03\/040.jpg 1536w\" sizes=\"auto, (max-width: 225px) 100vw, 225px\" \/><\/figure><\/li><\/ul><\/figure>\n\n\n\n<p>Sophrologie, r\u00eave \u00e9veill\u00e9, th\u00e9rapie des sch\u00e9mas, th\u00e9rapie cognitivo-comportementale, EMDR, approches \u00e9nerg\u00e9tiques&#8230;  Je propose diff\u00e9rentes approches selon les besoins et les pr\u00e9f\u00e9rences de chacun.<\/p>\n\n\n\n<p>Mon principe est de m&rsquo;adapter \u00e0 chacun afin de proposer une approche qui vous corresponde et de mobiliser diff\u00e9rentes approches selon les moments et les cheminements.<\/p>\n","protected":false},"excerpt":{"rendered":"<p>Une approche qui s&rsquo;adapte aux besoins et aux rythmes de chacun. Sophrologie, r\u00eave \u00e9veill\u00e9, th\u00e9rapie des sch\u00e9mas, th\u00e9rapie cognitivo-comportementale, EMDR, approches \u00e9nerg\u00e9tiques&#8230; Je propose diff\u00e9rentes approches selon les besoins et les pr\u00e9f\u00e9rences de chacun. Mon principe est de m&rsquo;adapter \u00e0 chacun afin de proposer une approche qui vous corresponde et de mobiliser diff\u00e9rentes approches selon [&hellip;]<\/p>\n","protected":false},"author":1,"featured_media":0,"parent":0,"menu_order":0,"comment_status":"closed","ping_status":"closed","template":"","meta":{"spay_email":"","footnotes":""},"class_list":["post-115","page","type-page","status-publish","hentry","entry"],"_links":{"self":[{"href":"https:\/\/vivancielle.fr\/index.php?rest_route=\/wp\/v2\/pages\/115","targetHints":{"allow":["GET"]}}],"collection":[{"href":"https:\/\/vivancielle.fr\/index.php?rest_route=\/wp\/v2\/pages"}],"about":[{"href":"https:\/\/vivancielle.fr\/index.php?rest_route=\/wp\/v2\/types\/page"}],"author":[{"embeddable":true,"href":"https:\/\/vivancielle.fr\/index.php?rest_route=\/wp\/v2\/users\/1"}],"replies":[{"embeddable":true,"href":"https:\/\/vivancielle.fr\/index.php?rest_route=%2Fwp%2Fv2%2Fcomments&post=115"}],"version-history":[{"count":4,"href":"https:\/\/vivancielle.fr\/index.php?rest_route=\/wp\/v2\/pages\/115\/revisions"}],"predecessor-version":[{"id":158,"href":"https:\/\/vivancielle.fr\/index.php?rest_route=\/wp\/v2\/pages\/115\/revisions\/158"}],"wp:attachment":[{"href":"https:\/\/vivancielle.fr\/index.php?rest_route=%2Fwp%2Fv2%2Fmedia&parent=115"}],"curies":[{"name":"wp","href":"https:\/\/api.w.org\/{rel}","templated":true}]}}