{"id":138,"date":"2021-03-12T16:27:41","date_gmt":"2021-03-12T15:27:41","guid":{"rendered":"http:\/\/vivancielle.fr\/?page_id=138"},"modified":"2022-04-08T11:53:04","modified_gmt":"2022-04-08T09:53:04","slug":"le-cabinet","status":"publish","type":"page","link":"https:\/\/vivancielle.fr\/?page_id=138","title":{"rendered":"Le cabinet"},"content":{"rendered":"\n<p>Situ\u00e9 au coeur de Colomiers, proche du centre nautique, je vous accueille dans un quartier calme.<\/p>\n\n\n\n<p class=\"has-black-color has-text-color has-background\" style=\"background-color:#ceb36a\"><strong>80 All\u00e9e du Gers \u00e0 Colomiers<\/strong><\/p>\n\n\n\n<p>Pour me joindre et prendre un rendez vous, <\/p>\n\n\n\n<p class=\"has-background\" style=\"background-color:#ceb36a\">remplir le <strong>formulaire de CONTACT<\/strong><\/p>\n\n\n\n<p>ou<\/p>\n\n\n\n<p class=\"has-background\" style=\"background-color:#ceb36a\">vous pouvez t\u00e9l\u00e9phoner au 06.28.07.32.59 <\/p>\n\n\n\n<div class=\"wp-block-image\"><figure class=\"alignleft size-thumbnail\"><img loading=\"lazy\" decoding=\"async\" width=\"150\" height=\"150\" src=\"http:\/\/vivancielle.fr\/wp-content\/uploads\/2022\/04\/IMG20220408105343-150x150.jpg\" alt=\"le cabinet\n\" class=\"wp-image-177\"\/><figcaption>La cabinet<\/figcaption><\/figure><\/div>\n\n\n\n<p><\/p>\n\n\n\n<div class=\"wp-block-image\"><figure class=\"alignright size-thumbnail\"><img loading=\"lazy\" decoding=\"async\" width=\"150\" height=\"150\" src=\"http:\/\/vivancielle.fr\/wp-content\/uploads\/2022\/04\/IMG20220408105156-150x150.jpg\" alt=\"\" class=\"wp-image-174\"\/><figcaption>80 all\u00e9e du Gers \u00e0 Colomiers<\/figcaption><\/figure><\/div>\n\n\n\n<div class=\"wp-block-image\"><figure class=\"aligncenter size-medium\"><img loading=\"lazy\" decoding=\"async\" width=\"300\" height=\"141\" src=\"http:\/\/vivancielle.fr\/wp-content\/uploads\/2022\/04\/IMG20220408105457-2-300x141.jpg\" alt=\"\" class=\"wp-image-179\" srcset=\"https:\/\/vivancielle.fr\/wp-content\/uploads\/2022\/04\/IMG20220408105457-2-300x141.jpg 300w, https:\/\/vivancielle.fr\/wp-content\/uploads\/2022\/04\/IMG20220408105457-2-1024x482.jpg 1024w, https:\/\/vivancielle.fr\/wp-content\/uploads\/2022\/04\/IMG20220408105457-2-768x362.jpg 768w, https:\/\/vivancielle.fr\/wp-content\/uploads\/2022\/04\/IMG20220408105457-2-1536x723.jpg 1536w, https:\/\/vivancielle.fr\/wp-content\/uploads\/2022\/04\/IMG20220408105457-2-2048x964.jpg 2048w\" sizes=\"auto, (max-width: 300px) 100vw, 300px\" \/><\/figure><\/div>\n\n\n\n<p><\/p>\n","protected":false},"excerpt":{"rendered":"<p>Situ\u00e9 au coeur de Colomiers, proche du centre nautique, je vous accueille dans un quartier calme. 80 All\u00e9e du Gers \u00e0 Colomiers Pour me joindre et prendre un rendez vous, remplir le formulaire de CONTACT ou vous pouvez t\u00e9l\u00e9phoner au 06.28.07.32.59<\/p>\n","protected":false},"author":1,"featured_media":0,"parent":0,"menu_order":0,"comment_status":"closed","ping_status":"closed","template":"","meta":{"spay_email":"","footnotes":""},"class_list":["post-138","page","type-page","status-publish","hentry","entry"],"_links":{"self":[{"href":"https:\/\/vivancielle.fr\/index.php?rest_route=\/wp\/v2\/pages\/138","targetHints":{"allow":["GET"]}}],"collection":[{"href":"https:\/\/vivancielle.fr\/index.php?rest_route=\/wp\/v2\/pages"}],"about":[{"href":"https:\/\/vivancielle.fr\/index.php?rest_route=\/wp\/v2\/types\/page"}],"author":[{"embeddable":true,"href":"https:\/\/vivancielle.fr\/index.php?rest_route=\/wp\/v2\/users\/1"}],"replies":[{"embeddable":true,"href":"https:\/\/vivancielle.fr\/index.php?rest_route=%2Fwp%2Fv2%2Fcomments&post=138"}],"version-history":[{"count":4,"href":"https:\/\/vivancielle.fr\/index.php?rest_route=\/wp\/v2\/pages\/138\/revisions"}],"predecessor-version":[{"id":181,"href":"https:\/\/vivancielle.fr\/index.php?rest_route=\/wp\/v2\/pages\/138\/revisions\/181"}],"wp:attachment":[{"href":"https:\/\/vivancielle.fr\/index.php?rest_route=%2Fwp%2Fv2%2Fmedia&parent=138"}],"curies":[{"name":"wp","href":"https:\/\/api.w.org\/{rel}","templated":true}]}}