{"id":159,"date":"2021-03-12T17:21:21","date_gmt":"2021-03-12T16:21:21","guid":{"rendered":"http:\/\/vivancielle.fr\/?page_id=159"},"modified":"2022-04-08T12:13:02","modified_gmt":"2022-04-08T10:13:02","slug":"pourquoi-consulter","status":"publish","type":"page","link":"https:\/\/vivancielle.fr\/?page_id=159","title":{"rendered":"Pourquoi consulter ?"},"content":{"rendered":"\n<p>Mieux se connaitre et vivre pleinement.<\/p>\n\n\n\n<p>On ne comprend pas bien ce qui nous arrive parfois, on peut avoir des ressentis d\u00e9sagr\u00e9ables, des troubles divers (sommeil, alimentation, relations&#8230;), des scenarios semblent se r\u00e9p\u00e9ter dans notre vie. On peut aussi avoir envie de se donner un nouveau d\u00e9part sur les plans personnels ou professionnels.<\/p>\n\n\n\n<p><strong><mark style=\"background-color:rgba(0, 0, 0, 0);color:#a37700\" class=\"has-inline-color\">La th\u00e9rapie des sch\u00e9mas et scenario de vie et la sophro-analyse<\/mark><\/strong>  nous permettent de mieux comprendre comment nous \u00ab\u00a0fonctionnons\u00a0\u00bb dans nos relations, ou dans les diff\u00e9rentes situations de notre vie.<\/p>\n\n\n\n<p>La <strong><mark style=\"background-color:rgba(0, 0, 0, 0);color:#a37700\" class=\"has-inline-color\">sophrologie, l&rsquo;hypnose et le r\u00eave \u00e9veill\u00e9<\/mark><\/strong>, nous permettent d&rsquo;activer des changements positifs en douceur et en profondeur, et de d\u00e9velopper tous nos potentiels !<\/p>\n\n\n\n<p>Les th\u00e9rapies post-traumatiques de type <strong><mark style=\"background-color:rgba(0, 0, 0, 0);color:#a37700\" class=\"has-inline-color\"> EMDR ou EFT<\/mark><\/strong> sont de vrais solutions pour all\u00e9ger nos v\u00e9cus traumatiques. <\/p>\n\n\n\n<p>Les approches de type <strong><mark style=\"background-color:rgba(0, 0, 0, 0);color:#a37700\" class=\"has-inline-color\"> Confiance en soi par le jeu de r\u00f4le et les techniques de cr\u00e9ativit\u00e9  <\/mark><\/strong>nous soutiennent pour d\u00e9velopper des nouvelles capacit\u00e9s et mettre en \u0153uvre de nouveaux projets de vie. <\/p>\n\n\n\n<p><\/p>\n\n\n\n<p><\/p>\n","protected":false},"excerpt":{"rendered":"<p>Mieux se connaitre et vivre pleinement. On ne comprend pas bien ce qui nous arrive parfois, on peut avoir des ressentis d\u00e9sagr\u00e9ables, des troubles divers (sommeil, alimentation, relations&#8230;), des scenarios semblent se r\u00e9p\u00e9ter dans notre vie. On peut aussi avoir envie de se donner un nouveau d\u00e9part sur les plans personnels ou professionnels. La th\u00e9rapie [&hellip;]<\/p>\n","protected":false},"author":1,"featured_media":0,"parent":0,"menu_order":0,"comment_status":"closed","ping_status":"closed","template":"","meta":{"spay_email":"","footnotes":""},"class_list":["post-159","page","type-page","status-publish","hentry","entry"],"_links":{"self":[{"href":"https:\/\/vivancielle.fr\/index.php?rest_route=\/wp\/v2\/pages\/159","targetHints":{"allow":["GET"]}}],"collection":[{"href":"https:\/\/vivancielle.fr\/index.php?rest_route=\/wp\/v2\/pages"}],"about":[{"href":"https:\/\/vivancielle.fr\/index.php?rest_route=\/wp\/v2\/types\/page"}],"author":[{"embeddable":true,"href":"https:\/\/vivancielle.fr\/index.php?rest_route=\/wp\/v2\/users\/1"}],"replies":[{"embeddable":true,"href":"https:\/\/vivancielle.fr\/index.php?rest_route=%2Fwp%2Fv2%2Fcomments&post=159"}],"version-history":[{"count":3,"href":"https:\/\/vivancielle.fr\/index.php?rest_route=\/wp\/v2\/pages\/159\/revisions"}],"predecessor-version":[{"id":187,"href":"https:\/\/vivancielle.fr\/index.php?rest_route=\/wp\/v2\/pages\/159\/revisions\/187"}],"wp:attachment":[{"href":"https:\/\/vivancielle.fr\/index.php?rest_route=%2Fwp%2Fv2%2Fmedia&parent=159"}],"curies":[{"name":"wp","href":"https:\/\/api.w.org\/{rel}","templated":true}]}}